{"id":433,"date":"2025-06-05T09:38:56","date_gmt":"2025-06-05T07:38:56","guid":{"rendered":"https:\/\/memesmarseillais.fr\/?post_type=product&#038;p=433"},"modified":"2025-12-10T10:18:31","modified_gmt":"2025-12-10T09:18:31","slug":"sent-bon-parfum-quartier","status":"publish","type":"product","link":"https:\/\/memesmarseillais.fr\/index.php\/produit\/sent-bon-parfum-quartier\/","title":{"rendered":"Sent-bon \u00ab\u00a0Parfum quartier\u00a0\u00bb"},"content":{"rendered":"<p>Tya la voiture qui sent Rabatau? Viens l\u00e0 mon bew on a de quoi sauver ta Clio 2 <\/p>\n<p>Parfum Sauvage de Dior pour te rappeler ton ex toxic ce mastreeee \ud83d\udc40<\/p>\n<p>Vente flash seulement 72h loupe pas \u00e7a Gari! <\/p>\n<p>Tous les envois se feront jeudi 11 d\u00e9cembre. <\/p>\n<p>Et si tout est epuisewww tu peux toujours passer chez Fripe 2 Mars rue pastoret au Cours julien (\u00e7a t\u2019\u00e9vite les frais de port si ty\u00e9 du coin, l\u00e0 c\u2019est pour les malheureux qui sont pas \u00e0 Marseille tya capt\u00e9 peucheure) <\/p>\n<p>Et oubliez pas de nous envoyer vos meilleures photos sur vos r\u00e9tros \ud83e\udd0c<\/p>\n<p>bises les fraaaaa<\/p>\n","protected":false},"excerpt":{"rendered":"<p>Pour amener ton dates aux Goudes<\/p>\n<p>Te permet d&rsquo;ouvrir ta fen\u00eatre sur la corniche sans avoir honte<\/p>\n<p>Minimum 2 par livraison<\/p>\n","protected":false},"featured_media":437,"comment_status":"open","ping_status":"closed","template":"","meta":{"_acf_changed":false},"product_brand":[],"product_cat":[21],"product_tag":[],"class_list":{"0":"post-433","1":"product","2":"type-product","3":"status-publish","4":"has-post-thumbnail","6":"product_cat-sent-bon","7":"product_shipping_class-petit-produit","9":"first","10":"outofstock","11":"shipping-taxable","12":"purchasable","13":"product-type-variable","14":"has-default-attributes"},"acf":[],"jetpack_sharing_enabled":true,"_links":{"self":[{"href":"https:\/\/memesmarseillais.fr\/index.php\/wp-json\/wp\/v2\/product\/433","targetHints":{"allow":["GET"]}}],"collection":[{"href":"https:\/\/memesmarseillais.fr\/index.php\/wp-json\/wp\/v2\/product"}],"about":[{"href":"https:\/\/memesmarseillais.fr\/index.php\/wp-json\/wp\/v2\/types\/product"}],"replies":[{"embeddable":true,"href":"https:\/\/memesmarseillais.fr\/index.php\/wp-json\/wp\/v2\/comments?post=433"}],"wp:featuredmedia":[{"embeddable":true,"href":"https:\/\/memesmarseillais.fr\/index.php\/wp-json\/wp\/v2\/media\/437"}],"wp:attachment":[{"href":"https:\/\/memesmarseillais.fr\/index.php\/wp-json\/wp\/v2\/media?parent=433"}],"wp:term":[{"taxonomy":"product_brand","embeddable":true,"href":"https:\/\/memesmarseillais.fr\/index.php\/wp-json\/wp\/v2\/product_brand?post=433"},{"taxonomy":"product_cat","embeddable":true,"href":"https:\/\/memesmarseillais.fr\/index.php\/wp-json\/wp\/v2\/product_cat?post=433"},{"taxonomy":"product_tag","embeddable":true,"href":"https:\/\/memesmarseillais.fr\/index.php\/wp-json\/wp\/v2\/product_tag?post=433"}],"curies":[{"name":"wp","href":"https:\/\/api.w.org\/{rel}","templated":true}]}}